{"id":1070,"date":"2016-04-27T07:45:01","date_gmt":"2016-04-27T06:45:01","guid":{"rendered":"http:\/\/lacantamule.fr\/?page_id=1070"},"modified":"2024-10-14T09:41:40","modified_gmt":"2024-10-14T08:41:40","slug":"la-cantamule-presentation","status":"publish","type":"page","link":"https:\/\/lacantamule.fr\/index.php\/la-cantamule-presentation\/","title":{"rendered":"La Cantamule: pr\u00e9sentation"},"content":{"rendered":"<p>La chorale la Cantamule est n\u00e9e en 1973 et fait partie du <a href=\"http:\/\/www.lamulatiere.fr\/index.php\/Associations?idpage=11&amp;idmetacontenu=245&amp;iddossiercontenu=2\" target=\"_blank\" rel=\"noopener\">Club des Jeunes et de la Culture de la Mulati\u00e8re<\/a>.<\/p>\n<h2>Pr\u00e9sentation de La Cantamule<\/h2>\n<p>Elle est dirig\u00e9e depuis 2023 par Georges Escoffier, qui a pris la suite de Brigitte WILLIEME et Marie-Louise MICHEL.<br \/>\nLes choristes viennent de la Mulati\u00e8re et des alentours : Sainte Foy l\u00e8s Lyon, Oullins, Francheville, Saint Genis Laval et m\u00eame de Lyon\u2026<br \/>\nSon r\u00e9pertoire se\u00a0 veut\u00a0 \u00e9clectique : chants classiques, musique\u00a0 sacr\u00e9e, chants du monde, chansons fran\u00e7aises\u2026<\/p>\n<h2 class=\"yiv9728150509MsoNormal\"><b>Venez chanter avec nous <\/b>!!!<\/h2>\n<p>La Cantamule recrute\u2026 de pr\u00e9f\u00e9rence, des hommes ! Il faut :<\/p>\n<ul>\n<li>avoir envie de chanter\u00a0 <img decoding=\"async\" class=\"wp-smiley\" src=\"http:\/\/lacantamule.fr\/wp-includes\/images\/smilies\/simple-smile.png\" alt=\":)\" \/><\/li>\n<li>s\u2019acquitter d\u2019une participation annuelle 20\u20ac + la cotisation au Club des Jeunes et de la Culture 8\u20ac,<\/li>\n<li>venir aux r\u00e9p\u00e9titions le mardi de 20h10 \u00e0 22h et aux journ\u00e9es annuelles de travail,<\/li>\n<li>et bien s\u00fbr, participer aux concerts pr\u00e9vus dans l\u2019ann\u00e9e.<\/li>\n<\/ul>\n<p class=\"yiv9728150509MsoNormal\">Les r\u00e9p\u00e9titions ont lieu au \u00ab\u00a0Tabagnon\u00a0\u00bb, 102 chemin des Chassagnes \u00e0 la Mulati\u00e8re.<\/p>\n","protected":false},"excerpt":{"rendered":"<p>La chorale la Cantamule est n\u00e9e en 1973 et fait partie du Club des Jeunes et de la Culture de la Mulati\u00e8re. Pr\u00e9sentation de La Cantamule Elle est dirig\u00e9e depuis 2023 par Georges Escoffier, qui a pris la suite de Brigitte WILLIEME et Marie-Louise MICHEL. Les choristes viennent de la Mulati\u00e8re et des alentours : &hellip; <a href=\"https:\/\/lacantamule.fr\/index.php\/la-cantamule-presentation\/\" class=\"more-link\">Continuer la lecture de <span class=\"screen-reader-text\">La Cantamule: pr\u00e9sentation<\/span>  <span class=\"meta-nav\">&rarr;<\/span><\/a><\/p>\n","protected":false},"author":1,"featured_media":0,"parent":0,"menu_order":0,"comment_status":"closed","ping_status":"closed","template":"","meta":{"arc_restricted_post":false,"iawp_total_views":105,"footnotes":""},"class_list":["post-1070","page","type-page","status-publish","hentry"],"_links":{"self":[{"href":"https:\/\/lacantamule.fr\/index.php\/wp-json\/wp\/v2\/pages\/1070","targetHints":{"allow":["GET"]}}],"collection":[{"href":"https:\/\/lacantamule.fr\/index.php\/wp-json\/wp\/v2\/pages"}],"about":[{"href":"https:\/\/lacantamule.fr\/index.php\/wp-json\/wp\/v2\/types\/page"}],"author":[{"embeddable":true,"href":"https:\/\/lacantamule.fr\/index.php\/wp-json\/wp\/v2\/users\/1"}],"replies":[{"embeddable":true,"href":"https:\/\/lacantamule.fr\/index.php\/wp-json\/wp\/v2\/comments?post=1070"}],"version-history":[{"count":0,"href":"https:\/\/lacantamule.fr\/index.php\/wp-json\/wp\/v2\/pages\/1070\/revisions"}],"wp:attachment":[{"href":"https:\/\/lacantamule.fr\/index.php\/wp-json\/wp\/v2\/media?parent=1070"}],"curies":[{"name":"wp","href":"https:\/\/api.w.org\/{rel}","templated":true}]}}