{"id":1496,"date":"2016-10-19T09:03:01","date_gmt":"2016-10-19T08:03:01","guid":{"rendered":"http:\/\/lacantamule.fr\/?page_id=1496"},"modified":"2016-10-19T10:01:12","modified_gmt":"2016-10-19T09:01:12","slug":"avant-2000","status":"publish","type":"page","link":"https:\/\/lacantamule.fr\/index.php\/avant-2000\/","title":{"rendered":"La Cantamule Avant 2000"},"content":{"rendered":"<ul>\n<li>En 1993, la Cantamule a particip\u00e9 au concours du festival de Craponne. Elle a obtenu le troisi\u00e8me prix .<\/li>\n<\/ul>\n<p><a href=\"http:\/\/lacantamule.fr\/wp-content\/uploads\/2016\/10\/Craponne-1993.jpg\"><img loading=\"lazy\" decoding=\"async\" class=\"aligncenter wp-image-1497 size-large\" src=\"http:\/\/lacantamule.fr\/wp-content\/uploads\/2016\/10\/Craponne-1993-1024x702.jpg\" alt=\"craponne-1993\" width=\"474\" height=\"325\" srcset=\"https:\/\/lacantamule.fr\/wp-content\/uploads\/2016\/10\/Craponne-1993-1024x702.jpg 1024w, https:\/\/lacantamule.fr\/wp-content\/uploads\/2016\/10\/Craponne-1993-300x206.jpg 300w\" sizes=\"auto, (max-width: 474px) 100vw, 474px\" \/><\/a><\/p>\n<ul>\n<li>En 1998, La Cantamule a particip\u00e9 aux c\u00e9r\u00e9monies d\u2019inauguration de l&rsquo;agrandissement du stade Geoffroy Guichard \u00e0 Saint \u00c9tienne. C\u00e9r\u00e9monie grandiose qui avait mobilis\u00e9 pas moins de 3000 choristes.<\/li>\n<\/ul>\n","protected":false},"excerpt":{"rendered":"<p>En 1993, la Cantamule a particip\u00e9 au concours du festival de Craponne. Elle a obtenu le troisi\u00e8me prix . En 1998, La Cantamule a particip\u00e9 aux c\u00e9r\u00e9monies d\u2019inauguration de l&rsquo;agrandissement du stade Geoffroy Guichard \u00e0 Saint \u00c9tienne. C\u00e9r\u00e9monie grandiose qui avait mobilis\u00e9 pas moins de 3000 choristes.<\/p>\n","protected":false},"author":1,"featured_media":0,"parent":0,"menu_order":0,"comment_status":"closed","ping_status":"closed","template":"","meta":{"arc_restricted_post":false,"iawp_total_views":10,"footnotes":""},"class_list":["post-1496","page","type-page","status-publish","hentry"],"_links":{"self":[{"href":"https:\/\/lacantamule.fr\/index.php\/wp-json\/wp\/v2\/pages\/1496","targetHints":{"allow":["GET"]}}],"collection":[{"href":"https:\/\/lacantamule.fr\/index.php\/wp-json\/wp\/v2\/pages"}],"about":[{"href":"https:\/\/lacantamule.fr\/index.php\/wp-json\/wp\/v2\/types\/page"}],"author":[{"embeddable":true,"href":"https:\/\/lacantamule.fr\/index.php\/wp-json\/wp\/v2\/users\/1"}],"replies":[{"embeddable":true,"href":"https:\/\/lacantamule.fr\/index.php\/wp-json\/wp\/v2\/comments?post=1496"}],"version-history":[{"count":0,"href":"https:\/\/lacantamule.fr\/index.php\/wp-json\/wp\/v2\/pages\/1496\/revisions"}],"wp:attachment":[{"href":"https:\/\/lacantamule.fr\/index.php\/wp-json\/wp\/v2\/media?parent=1496"}],"curies":[{"name":"wp","href":"https:\/\/api.w.org\/{rel}","templated":true}]}}