{"id":1511,"date":"2016-10-19T09:33:58","date_gmt":"2016-10-19T08:33:58","guid":{"rendered":"http:\/\/lacantamule.fr\/?page_id=1511"},"modified":"2025-06-24T14:30:23","modified_gmt":"2025-06-24T13:30:23","slug":"manifestations-de-cantamule","status":"publish","type":"page","link":"https:\/\/lacantamule.fr\/index.php\/manifestations-de-cantamule\/","title":{"rendered":"Manifestations de la Cantamule"},"content":{"rendered":"<p>Depuis 1973, la Cantamule a particip\u00e9 \u00e0 beaucoup de manifestations.<\/p>\n<h2>Types de manifestation<\/h2>\n<p>Il y a bien s\u00fbr des concerts seuls ou avec d&rsquo;autres chorales, mais aussi la participation \u00e0 des festivals et des prestations dans des maisons de retraite ou des centres d&rsquo;action th\u00e9rapeutique.<\/p>\n<p><a href=\"http:\/\/lacantamule.fr\/wp-content\/uploads\/Deplacements-Cantamule.pdf\">Liste des manifestations aux quelles la chorale La Cantamule a particip\u00e9.<\/a><\/p>\n","protected":false},"excerpt":{"rendered":"<p>Depuis 1973, la Cantamule a particip\u00e9 \u00e0 beaucoup de manifestations. Types de manifestation Il y a bien s\u00fbr des concerts seuls ou avec d&rsquo;autres chorales, mais aussi la participation \u00e0 des festivals et des prestations dans des maisons de retraite ou des centres d&rsquo;action th\u00e9rapeutique. Liste des manifestations aux quelles la chorale La Cantamule a &hellip; <a href=\"https:\/\/lacantamule.fr\/index.php\/manifestations-de-cantamule\/\" class=\"more-link\">Continuer la lecture de <span class=\"screen-reader-text\">Manifestations de la Cantamule<\/span>  <span class=\"meta-nav\">&rarr;<\/span><\/a><\/p>\n","protected":false},"author":1,"featured_media":0,"parent":0,"menu_order":0,"comment_status":"closed","ping_status":"closed","template":"","meta":{"arc_restricted_post":false,"iawp_total_views":44,"footnotes":""},"class_list":["post-1511","page","type-page","status-publish","hentry"],"_links":{"self":[{"href":"https:\/\/lacantamule.fr\/index.php\/wp-json\/wp\/v2\/pages\/1511","targetHints":{"allow":["GET"]}}],"collection":[{"href":"https:\/\/lacantamule.fr\/index.php\/wp-json\/wp\/v2\/pages"}],"about":[{"href":"https:\/\/lacantamule.fr\/index.php\/wp-json\/wp\/v2\/types\/page"}],"author":[{"embeddable":true,"href":"https:\/\/lacantamule.fr\/index.php\/wp-json\/wp\/v2\/users\/1"}],"replies":[{"embeddable":true,"href":"https:\/\/lacantamule.fr\/index.php\/wp-json\/wp\/v2\/comments?post=1511"}],"version-history":[{"count":3,"href":"https:\/\/lacantamule.fr\/index.php\/wp-json\/wp\/v2\/pages\/1511\/revisions"}],"predecessor-version":[{"id":3134,"href":"https:\/\/lacantamule.fr\/index.php\/wp-json\/wp\/v2\/pages\/1511\/revisions\/3134"}],"wp:attachment":[{"href":"https:\/\/lacantamule.fr\/index.php\/wp-json\/wp\/v2\/media?parent=1511"}],"curies":[{"name":"wp","href":"https:\/\/api.w.org\/{rel}","templated":true}]}}