{"id":290,"date":"2015-09-09T07:10:00","date_gmt":"2015-09-09T06:10:00","guid":{"rendered":"http:\/\/lacantamule.fr\/?page_id=290"},"modified":"2018-12-20T14:35:43","modified_gmt":"2018-12-20T13:35:43","slug":"100ans_14_18","status":"publish","type":"page","link":"https:\/\/lacantamule.fr\/index.php\/100ans_14_18\/","title":{"rendered":"Centenaire de la guerre 1914-1918"},"content":{"rendered":"<h2>Comm\u00e9morations de la fin de la guerre de 14\/18<\/h2>\n<p><img loading=\"lazy\" decoding=\"async\" class=\"alignleft wp-image-2103 size-full\" src=\"http:\/\/lacantamule.fr\/wp-content\/uploads\/2018\/11\/derd_des_der.jpg\" alt=\"\" width=\"700\" height=\"1094\" srcset=\"https:\/\/lacantamule.fr\/wp-content\/uploads\/2018\/11\/derd_des_der.jpg 700w, https:\/\/lacantamule.fr\/wp-content\/uploads\/2018\/11\/derd_des_der-192x300.jpg 192w, https:\/\/lacantamule.fr\/wp-content\/uploads\/2018\/11\/derd_des_der-655x1024.jpg 655w\" sizes=\"auto, (max-width: 700px) 100vw, 700px\" \/><\/p>\n<p>Les comm\u00e9morations organis\u00e9es au tabagnon ont altern\u00e9 sayn\u00e8tes, lecture de lettres de poilus de la Mulati\u00e8re et chants par la Cantamule. Les chants ont permis d\u2019all\u00e9ger l&rsquo;atmosph\u00e8re, tant la lecture des lettres \u00e9tait lourde et poignante.<\/p>\n<p><!-- phpmyvisites --><\/p>\n<div class=\"invisible\"><script type=\"text\/javascript\">\/\/ <![CDATA[ var a_vars = Array(); var pagename='Guerre 14-18'; var phpmyvisitesSite = 281216; var phpmyvisitesURL = \"http:\/\/st.free.fr\/phpmyvisites.php\"; \/\/ ]]><\/script><br \/>\n<script src=\"http:\/\/st.free.fr\/phpmyvisites.js\" type=\"text\/javascript\"><\/script><\/div>\n<p><!-- \/phpmyvisites --><\/p>\n","protected":false},"excerpt":{"rendered":"<p>Comm\u00e9morations de la fin de la guerre de 14\/18 Les comm\u00e9morations organis\u00e9es au tabagnon ont altern\u00e9 sayn\u00e8tes, lecture de lettres de poilus de la Mulati\u00e8re et chants par la Cantamule. Les chants ont permis d\u2019all\u00e9ger l&rsquo;atmosph\u00e8re, tant la lecture des lettres \u00e9tait lourde et poignante.<\/p>\n","protected":false},"author":1,"featured_media":0,"parent":0,"menu_order":0,"comment_status":"closed","ping_status":"closed","template":"","meta":{"arc_restricted_post":false,"iawp_total_views":20,"footnotes":""},"class_list":["post-290","page","type-page","status-publish","hentry"],"_links":{"self":[{"href":"https:\/\/lacantamule.fr\/index.php\/wp-json\/wp\/v2\/pages\/290","targetHints":{"allow":["GET"]}}],"collection":[{"href":"https:\/\/lacantamule.fr\/index.php\/wp-json\/wp\/v2\/pages"}],"about":[{"href":"https:\/\/lacantamule.fr\/index.php\/wp-json\/wp\/v2\/types\/page"}],"author":[{"embeddable":true,"href":"https:\/\/lacantamule.fr\/index.php\/wp-json\/wp\/v2\/users\/1"}],"replies":[{"embeddable":true,"href":"https:\/\/lacantamule.fr\/index.php\/wp-json\/wp\/v2\/comments?post=290"}],"version-history":[{"count":0,"href":"https:\/\/lacantamule.fr\/index.php\/wp-json\/wp\/v2\/pages\/290\/revisions"}],"wp:attachment":[{"href":"https:\/\/lacantamule.fr\/index.php\/wp-json\/wp\/v2\/media?parent=290"}],"curies":[{"name":"wp","href":"https:\/\/api.w.org\/{rel}","templated":true}]}}