{"id":33,"date":"2015-07-24T18:19:35","date_gmt":"2015-07-24T17:19:35","guid":{"rendered":"https:\/\/lacantamule.wordpress.com\/?page_id=5"},"modified":"2025-10-30T11:30:25","modified_gmt":"2025-10-30T10:30:25","slug":"la-cantamule-2","status":"publish","type":"page","link":"https:\/\/lacantamule.fr\/","title":{"rendered":"La Cantamule"},"content":{"rendered":"<h2>Nouvelle activit\u00e9 du CJC<\/h2>\r\n<p><img loading=\"lazy\" decoding=\"async\" class=\"alignleft wp-image-3161 size-large\" src=\"http:\/\/lacantamule.fr\/wp-content\/uploads\/CJC-Flyer-tricotage-722x1024.jpg\" alt=\"\" width=\"474\" height=\"672\" srcset=\"https:\/\/lacantamule.fr\/wp-content\/uploads\/CJC-Flyer-tricotage-722x1024.jpg 722w, https:\/\/lacantamule.fr\/wp-content\/uploads\/CJC-Flyer-tricotage-211x300.jpg 211w, https:\/\/lacantamule.fr\/wp-content\/uploads\/CJC-Flyer-tricotage-1083x1536.jpg 1083w, https:\/\/lacantamule.fr\/wp-content\/uploads\/CJC-Flyer-tricotage-1444x2048.jpg 1444w, https:\/\/lacantamule.fr\/wp-content\/uploads\/CJC-Flyer-tricotage.jpg 1748w\" sizes=\"auto, (max-width: 474px) 100vw, 474px\" \/><\/p>\r\n<h2>Reprise des r\u00e9p\u00e9titions<\/h2>\r\n<p><a href=\"http:\/\/lacantamule.fr\/wp-content\/uploads\/affiche-cantamule-2025-2026-pdf.pdf\">affiche cantamule 2025 2026 pdf<\/a><\/p>\r\n<h2>Rejoignez la Cantamule !<\/h2>\r\n<p><strong>La chorale recrute,<\/strong> en particulier des voix d\u2019hommes (les femmes sont les bienvenues aussi !).<\/p>\r\n<p style=\"text-align: left;\"><strong>Vous avez envie de nous rejoindre ?<\/strong> Rien de plus simple ! <strong><br \/><\/strong>Pour vous en persuader,<strong> venez chanter avec <\/strong><strong>nous lors d&rsquo;une r\u00e9p\u00e9tition le mardi, de 20h10 \u00e0 22h.<br \/><\/strong><span class=\"LrzXr\">Rendez-vous au Tabagnon, 102 Chemin des Chassagnes, 69350 La Mulati\u00e8re<\/span><\/p>\r\n<p>&nbsp;<\/p>\r\n<h2>Grand concert des cinquante ans<\/h2>\r\n<p>En 2023, La Cantamule a f\u00eat\u00e9 ces 50 ans d&rsquo;existence.<br \/>Pour l&rsquo;occasion, un grand concert s&rsquo;est tenu le 3 juin dans l&rsquo;\u00e9glise Notre dame du Roule \u00e0 La Mulati\u00e8re.<\/p>\r\n<h2>La Cantamule et son r\u00e9pertoire<\/h2>\r\n<figure id=\"attachment_1257\" aria-describedby=\"caption-attachment-1257\" style=\"width: 307px\" class=\"wp-caption alignright\"><a href=\"http:\/\/lacantamule.fr\/index.php\/chorale-cantamule-actualites\/2015-01-17-concert-a-st-trivier-2\/\" rel=\"attachment wp-att-1257\"><img loading=\"lazy\" decoding=\"async\" class=\"wp-image-1257\" src=\"http:\/\/lacantamule.fr\/wp-content\/uploads\/2016\/05\/2015-01-17-Concert-\u00e0-St-Trivier-2.jpg\" alt=\"2015-01-17 Concert \u00e0 St Trivier (2)\" width=\"307\" height=\"230\" \/><\/a><figcaption id=\"caption-attachment-1257\" class=\"wp-caption-text\">Concert de St Trivier sur Moignan en 2015<\/figcaption><\/figure>\r\n<div id=\"repertoire\">\r\n<ul>La Chorale existe depuis 1973. Son r\u00e9pertoire se veut \u00e9clectique. On y trouve des chants de toutes origines:<\/ul>\r\n<\/div>\r\n<ul>\r\n<li>Des chants de la vari\u00e9t\u00e9 fran\u00e7aise: La maladie d&rsquo;amour, La mer de Charles Tr\u00e9net, L&rsquo;aventure de Jacques Brel, C&rsquo;est beau le vie et la Complainte de Pablo Neruda de Jean Ferrat&#8230;<\/li>\r\n<li>Des chants en langue \u00e9trang\u00e8re: Wiegenlied berceuse allemande, Banuwa chant lib\u00e9rien en anglais&#8230;<\/li>\r\n<li>Des gospels: Sense you went away, I\u2019m so glad&#8230;<\/li>\r\n<li>Du classique: Le chant des esclaves extrait de Nabucco de Verdi, les nocturnes de Mozart&#8230;<\/li>\r\n<li>Des chants sacr\u00e9s: Jubilemus exultemus, Sanctus, Domine non secundum&#8230;<\/li>\r\n<li>Des chants de la liturgie russe:\u00a0<span class=\"st\">Ti\u00e9bi\u00e9 Poi\u00e8m<\/span>,\u00a0Dosto\u00efno i\u00e8st, Slava v vychnihk Bogou&#8230;<\/li>\r\n<li>Et bien d&rsquo;autres&#8230;<\/li>\r\n<\/ul>\r\n<p><strong>Le chant des esclaves <\/strong>enregistr\u00e9 au concert des quarante ans de la chorale en 2013.<br \/><div class=\"sc_fancy_player_container\"><audio class=\"wp-audio-shortcode\" id=\"audio-33-1\" preload=\"none\" style=\"width: 100%;\" controls=\"controls\"><source type=\"audio\/mpeg\" src=\"\/wp-content\/lacantamule\/Le%20chant%20des%20esclaves.mp3?_=1\" \/><a href=\"\/wp-content\/lacantamule\/Le%20chant%20des%20esclaves.mp3\">\/wp-content\/lacantamule\/Le%20chant%20des%20esclaves.mp3<\/a><\/audio><\/div><\/p>\r\n<p><strong>Dosto\u00efno i\u00e8st<\/strong> enregistr\u00e9 en concert en l&rsquo;\u00e9glise Notre Dame du Roule \u00e0 La Mulati\u00e8re.<strong><br \/><\/strong><\/p>\r\n<div class=\"sc_fancy_player_container\"><audio class=\"wp-audio-shortcode\" id=\"audio-33-2\" preload=\"none\" style=\"width: 100%;\" controls=\"controls\"><source type=\"audio\/mpeg\" src=\"\/wp-content\/lacantamule\/01_Dosto\u00efno.MP3?_=2\" \/><a href=\"\/wp-content\/lacantamule\/01_Dosto\u00efno.MP3\">\/wp-content\/lacantamule\/01_Dosto\u00efno.MP3<\/a><\/audio><\/div>\r\n<div id=\"sante\">\u00a0<\/div>\r\n<div id=\"chanter\">\r\n<h2 class=\"western\">Pourquoi venir chanter \u00e0 la chorale La Cantamule\u00a0?<\/h2>\r\n<\/div>\r\n<p><img loading=\"lazy\" decoding=\"async\" class=\"alignleft wp-image-1081 size-medium\" style=\"margin: 20px;\" src=\"http:\/\/lacantamule.fr\/wp-content\/uploads\/2016\/05\/chat-tenor-300x298.jpg\" alt=\"chat-tenor de la chorale\" width=\"300\" height=\"298\" srcset=\"https:\/\/lacantamule.fr\/wp-content\/uploads\/2016\/05\/chat-tenor-300x298.jpg 300w, https:\/\/lacantamule.fr\/wp-content\/uploads\/2016\/05\/chat-tenor-150x150.jpg 150w, https:\/\/lacantamule.fr\/wp-content\/uploads\/2016\/05\/chat-tenor-1024x1017.jpg 1024w, https:\/\/lacantamule.fr\/wp-content\/uploads\/2016\/05\/chat-tenor.jpg 2008w\" sizes=\"auto, (max-width: 300px) 100vw, 300px\" \/>La Cantamule est une chorale quarantenaire. Elle a un nouveau chef de choeur depuis septembre 2023 : Georges ESCOFFIER, bien connu dans le milieu des ch\u0153urs, chorales et ensembles musicaux, qui a pris la suite de Brigitte Willi\u00e8me et Marie-Louise Michel.<\/p>\r\n<p>Forte de ses 43 choristes, on y travaille le chant dans la joie et la bonne humeur. \u00c0 La Cantamule, on chante en toute simplicit\u00e9 et on accepte tout le monde sans examen d&rsquo;entr\u00e9e. On accepte aussi les chanteurs de salle de bain qui chantent figaro sous la douche.<br \/>En r\u00e9sum\u00e9, \u00e0 La Cantamule on pratique le chant s\u00e9rieusement sans se prendre au s\u00e9rieux !<br \/><strong>L&rsquo;important, c&rsquo;est l&rsquo;envie de chanter. \ud83d\ude42<\/strong><\/p>\r\n<p>La Cantamule, comme beaucoup de chorale,\u00a0 recherche des hommes t\u00e9nors ou basses<\/p>\r\n<div id=\"musique\">\r\n<h2 class=\"western\">\u00a0<\/h2>\r\n<h2 class=\"western\">Vous ne savez pas lire une partition ? Vous ne connaissez pas le solf\u00e8ge ?<\/h2>\r\n<p><strong>Et alors\u00a0!<\/strong> Est-il n\u00e9cessaire de conna\u00eetre le fonctionnement du moteur \u00e0 combustion interne pour conduire une voiture\u00a0?<\/p>\r\n<\/div>\r\n<figure id=\"attachment_1173\" aria-describedby=\"caption-attachment-1173\" style=\"width: 271px\" class=\"wp-caption aligncenter\"><a href=\"http:\/\/lacantamule.fr\/index.php\/chorale-cantamule-actualites\/moteur-2\/\" rel=\"attachment wp-att-1173\"><img loading=\"lazy\" decoding=\"async\" class=\"wp-image-1173 size-medium\" src=\"http:\/\/lacantamule.fr\/wp-content\/uploads\/2016\/05\/moteur-1-271x300.jpg\" alt=\"Fiat 500 de la chorale\" width=\"271\" height=\"300\" srcset=\"https:\/\/lacantamule.fr\/wp-content\/uploads\/2016\/05\/moteur-1-271x300.jpg 271w, https:\/\/lacantamule.fr\/wp-content\/uploads\/2016\/05\/moteur-1.jpg 277w\" sizes=\"auto, (max-width: 271px) 100vw, 271px\" \/><\/a><figcaption id=\"caption-attachment-1173\" class=\"wp-caption-text\">Mais comment \u00e7a marche?<\/figcaption><\/figure>\r\n<p>&nbsp;<\/p>\r\n<div class=\"invisible\"><script type=\"text\/javascript\">\/\/ <![CDATA[ var a_vars = Array(); var pagename='Accueil'; var phpmyvisitesSite = 281216; var phpmyvisitesURL = \"http:\/\/st.free.fr\/phpmyvisites.php\"; \/\/ ]]><span style=\"display: inline-block; width: 0px; overflow: hidden; line-height: 0;\" data-mce-type=\"bookmark\" class=\"mce_SELRES_end\">\ufeff<\/span><\/script> <br \/><script src=\"http:\/\/st.free.fr\/phpmyvisites.js\" type=\"text\/javascript\"><\/script><\/div>\r\n<p><!-- \/phpmyvisites --><\/p>\r\n<p><\/p>\r\n<p><\/p>","protected":false},"excerpt":{"rendered":"<p>Nouvelle activit\u00e9 du CJC Reprise des r\u00e9p\u00e9titions affiche cantamule 2025 2026 pdf Rejoignez la Cantamule ! La chorale recrute, en particulier des voix d\u2019hommes (les femmes sont les bienvenues aussi !). Vous avez envie de nous rejoindre ? Rien de plus simple ! Pour vous en persuader, venez chanter avec nous lors d&rsquo;une r\u00e9p\u00e9tition le &hellip; <a href=\"https:\/\/lacantamule.fr\/\" class=\"more-link\">Continuer la lecture de <span class=\"screen-reader-text\">La Cantamule<\/span>  <span class=\"meta-nav\">&rarr;<\/span><\/a><\/p>\n","protected":false},"author":1,"featured_media":0,"parent":0,"menu_order":0,"comment_status":"closed","ping_status":"open","template":"page-templates\/full-width.php","meta":{"arc_restricted_post":false,"iawp_total_views":1698,"footnotes":""},"class_list":["post-33","page","type-page","status-publish","hentry"],"_links":{"self":[{"href":"https:\/\/lacantamule.fr\/index.php\/wp-json\/wp\/v2\/pages\/33","targetHints":{"allow":["GET"]}}],"collection":[{"href":"https:\/\/lacantamule.fr\/index.php\/wp-json\/wp\/v2\/pages"}],"about":[{"href":"https:\/\/lacantamule.fr\/index.php\/wp-json\/wp\/v2\/types\/page"}],"author":[{"embeddable":true,"href":"https:\/\/lacantamule.fr\/index.php\/wp-json\/wp\/v2\/users\/1"}],"replies":[{"embeddable":true,"href":"https:\/\/lacantamule.fr\/index.php\/wp-json\/wp\/v2\/comments?post=33"}],"version-history":[{"count":7,"href":"https:\/\/lacantamule.fr\/index.php\/wp-json\/wp\/v2\/pages\/33\/revisions"}],"predecessor-version":[{"id":3162,"href":"https:\/\/lacantamule.fr\/index.php\/wp-json\/wp\/v2\/pages\/33\/revisions\/3162"}],"wp:attachment":[{"href":"https:\/\/lacantamule.fr\/index.php\/wp-json\/wp\/v2\/media?parent=33"}],"curies":[{"name":"wp","href":"https:\/\/api.w.org\/{rel}","templated":true}]}}