{"id":35,"date":"2015-07-26T06:35:40","date_gmt":"2015-07-26T05:35:40","guid":{"rendered":"https:\/\/lacantamule.wordpress.com\/?page_id=31"},"modified":"2022-05-09T08:24:32","modified_gmt":"2022-05-09T07:24:32","slug":"concert","status":"publish","type":"page","link":"https:\/\/lacantamule.fr\/index.php\/concert\/","title":{"rendered":"Concerts"},"content":{"rendered":"<p>La Cantamule en concert. La Cantamule participe plusieurs fois par an \u00e0 des concerts. Ils sont donn\u00e9s avec en g\u00e9n\u00e9ral une voire deux autres chorales, ce qui permet d&rsquo;offrir au public un spectacle vari\u00e9.<\/p>\n<h2>Pour son cinquanti\u00e8me anniversaire, La Cantamule organise un grand concert le 3 Juin 2023.<\/h2>\n<h2>Moment musicale du 30 avril 2022<\/h2>\n<p><img loading=\"lazy\" decoding=\"async\" class=\"alignleft wp-image-2713 size-medium\" src=\"http:\/\/lacantamule.fr\/wp-content\/uploads\/2022\/04\/affiche_8-3-212x300.jpg\" alt=\"\" width=\"212\" height=\"300\" srcset=\"https:\/\/lacantamule.fr\/wp-content\/uploads\/2022\/04\/affiche_8-3-212x300.jpg 212w, https:\/\/lacantamule.fr\/wp-content\/uploads\/2022\/04\/affiche_8-3-724x1024.jpg 724w, https:\/\/lacantamule.fr\/wp-content\/uploads\/2022\/04\/affiche_8-3.jpg 794w\" sizes=\"auto, (max-width: 212px) 100vw, 212px\" \/><\/p>\n<p>Le premier concert apr\u00e8s la pand\u00e9mie&#8230; Avec la participation de la chorale \u00ab\u00a0Les murmures du Confluent\u00a0\u00bb, la chorale du cercle d&rsquo;argent de la Mulati\u00e8re.<\/p>\n<h2>Concert avec piano le 24 mars 2018<\/h2>\n<p><img loading=\"lazy\" decoding=\"async\" class=\"alignleft wp-image-1940 size-medium\" src=\"http:\/\/lacantamule.fr\/wp-content\/uploads\/2017\/12\/pianiste0002-280x300.jpeg\" alt=\"\" width=\"280\" height=\"300\" srcset=\"https:\/\/lacantamule.fr\/wp-content\/uploads\/2017\/12\/pianiste0002-280x300.jpeg 280w, https:\/\/lacantamule.fr\/wp-content\/uploads\/2017\/12\/pianiste0002.jpeg 760w\" sizes=\"auto, (max-width: 280px) 100vw, 280px\" \/><\/p>\n<p>Le 24 mars 2018, la Cantamule donnera un concert avec piano en l&rsquo;\u00e9glise notre dame du Roule. La cantamule a d\u00e9j\u00e0 fait un concert avec piano en 2013 l&rsquo;ann\u00e9e de ses quarante ans. La Cantamule sera accompagn\u00e9e au piano par <a href=\"http:\/\/www.avantlaurore.com\/166-junko-fukuda-gros-pianiste\" target=\"_blank\" rel=\"noopener\">Junko FUKUDA<\/a>.<\/p>\n<p><a href=\"http:\/\/lacantamule.fr\/wp-content\/uploads\/2018\/02\/Affiche-concert-mars-2018.pdf\" target=\"_blank\" rel=\"noopener\">Affiche du concert<\/a><\/p>\n<h2>Concert le 09 d\u00e9cembre 2017<\/h2>\n<p><img loading=\"lazy\" decoding=\"async\" class=\"alignleft wp-image-1903 size-medium\" src=\"http:\/\/lacantamule.fr\/wp-content\/uploads\/2015\/07\/affiche-concert-9-d\u00e9cembre-218x300.jpg\" alt=\"\" width=\"218\" height=\"300\" srcset=\"https:\/\/lacantamule.fr\/wp-content\/uploads\/2015\/07\/affiche-concert-9-d\u00e9cembre-218x300.jpg 218w, https:\/\/lacantamule.fr\/wp-content\/uploads\/2015\/07\/affiche-concert-9-d\u00e9cembre-745x1024.jpg 745w, https:\/\/lacantamule.fr\/wp-content\/uploads\/2015\/07\/affiche-concert-9-d\u00e9cembre.jpg 850w\" sizes=\"auto, (max-width: 218px) 100vw, 218px\" \/>La chorale <a href=\"https:\/\/brindaccord.jimdo.com\/\" target=\"_blank\" rel=\"noopener\">Brin d\u2019Accord\u00a0<\/a>de Brindas a donn\u00e9 un concert en l&rsquo;\u00e9glise Notre Dame du Roule. La Cantamule \u00e9tait invit\u00e9e \u00e0 participer \u00e0 ce concert et a donn\u00e9 quelques chants de son r\u00e9pertoire.<\/p>\n<h2><\/h2>\n<h2>Retina Mille ch\u0153urs pour un regard<\/h2>\n<figure id=\"attachment_1755\" aria-describedby=\"caption-attachment-1755\" style=\"width: 211px\" class=\"wp-caption alignleft\"><img loading=\"lazy\" decoding=\"async\" class=\"wp-image-1755 size-medium\" src=\"http:\/\/lacantamule.fr\/wp-content\/uploads\/2017\/03\/RETINA-2017-211x300.jpg\" alt=\"Affiche du concert\" width=\"211\" height=\"300\" srcset=\"https:\/\/lacantamule.fr\/wp-content\/uploads\/2017\/03\/RETINA-2017-211x300.jpg 211w, https:\/\/lacantamule.fr\/wp-content\/uploads\/2017\/03\/RETINA-2017.jpg 685w\" sizes=\"auto, (max-width: 211px) 100vw, 211px\" \/><figcaption id=\"caption-attachment-1755\" class=\"wp-caption-text\">Affiche du concert<\/figcaption><\/figure>\n<figure id=\"attachment_1686\" aria-describedby=\"caption-attachment-1686\" style=\"width: 300px\" class=\"wp-caption alignright\"><img loading=\"lazy\" decoding=\"async\" class=\"wp-image-1686 size-medium\" src=\"http:\/\/lacantamule.fr\/wp-content\/uploads\/2015\/07\/st-etienne-300x200.jpg\" alt=\"Eglise st Etienne du terraillon\" width=\"300\" height=\"200\" srcset=\"https:\/\/lacantamule.fr\/wp-content\/uploads\/2015\/07\/st-etienne-300x200.jpg 300w, https:\/\/lacantamule.fr\/wp-content\/uploads\/2015\/07\/st-etienne.jpg 1024w\" sizes=\"auto, (max-width: 300px) 100vw, 300px\" \/><figcaption id=\"caption-attachment-1686\" class=\"wp-caption-text\">\u00c9glise St \u00c9tienne<\/figcaption><\/figure>\n<p class=\"western\" style=\"padding-left: 30px;\">Le samedi 11 mars 2017, La Cantamule a particip\u00e9e \u00e0 l&rsquo;op\u00e9ration <a href=\"http:\/\/www.retina.fr\/retinaDrupal\/content\/mille-ch%C5%93urs-pour-un-regard\" target=\"_blank\" rel=\"noopener noreferrer\">Mille Ch\u0153urs pour un Regard 2017<\/a> \u00e0 l&rsquo;\u00e9glise Saint \u00c9tienne de terraillon avec les chorales suivantes: Si on chantait du Centre Social de Bron, Allieta Vita de Bron et <span lang=\"en-US\"><a href=\"http:\/\/gospel-amazing-groupe.e-monsite.com\/\" target=\"_blank\" rel=\"noopener noreferrer\">Gospel Amazing Group<\/a>.<br \/>\n<\/span><\/p>\n<h2>Concert en l&rsquo;\u00e9glise de La Mulati\u00e8re<\/h2>\n<p style=\"padding-left: 30px;\"><a href=\"http:\/\/lacantamule.fr\/wp-content\/uploads\/2015\/07\/Affiche-Concert-novembre-2016.jpg\"><img loading=\"lazy\" decoding=\"async\" class=\"alignleft size-medium wp-image-1528\" src=\"http:\/\/lacantamule.fr\/wp-content\/uploads\/2015\/07\/Affiche-Concert-novembre-2016-212x300.jpg\" alt=\"Concert du 5 novembre\" width=\"212\" height=\"300\" srcset=\"https:\/\/lacantamule.fr\/wp-content\/uploads\/2015\/07\/Affiche-Concert-novembre-2016-212x300.jpg 212w, https:\/\/lacantamule.fr\/wp-content\/uploads\/2015\/07\/Affiche-Concert-novembre-2016-724x1024.jpg 724w, https:\/\/lacantamule.fr\/wp-content\/uploads\/2015\/07\/Affiche-Concert-novembre-2016.jpg 826w\" sizes=\"auto, (max-width: 212px) 100vw, 212px\" \/><\/a>Concert du 05 novembre 2016. La Cantamule s&rsquo;est produit avec la chorale de <a href=\"http:\/\/www.choraledesaintjustsaintrambert.com\/\" target=\"_blank\" rel=\"noopener noreferrer\">St Just St Rambert<\/a>.<\/p>\n<p style=\"padding-left: 30px;\"><a href=\"http:\/\/lacantamule.fr\/wp-content\/uploads\/2016\/11\/Prgramme-concert-05-11-2016-1.pdf\">Le programme du concert<\/a><\/p>\n<h2>Spectacle au profit de l&rsquo;association <a href=\"http:\/\/www.retina.fr\/\" target=\"_blank\" rel=\"noopener noreferrer\">Retina<\/a><\/h2>\n<p style=\"padding-left: 30px;\"><img loading=\"lazy\" decoding=\"async\" class=\"alignleft wp-image-793 size-medium\" src=\"http:\/\/lacantamule.fr\/wp-content\/uploads\/2016\/03\/affiche-R\u00e9tina-2016-212x300.jpg\" alt=\"affiche du concerts R\u00e9tina 2016\" width=\"212\" height=\"300\" srcset=\"https:\/\/lacantamule.fr\/wp-content\/uploads\/2016\/03\/affiche-R\u00e9tina-2016-212x300.jpg 212w, https:\/\/lacantamule.fr\/wp-content\/uploads\/2016\/03\/affiche-R\u00e9tina-2016-724x1024.jpg 724w, https:\/\/lacantamule.fr\/wp-content\/uploads\/2016\/03\/affiche-R\u00e9tina-2016.jpg 827w\" sizes=\"auto, (max-width: 212px) 100vw, 212px\" \/>Ce concert a eu lieu le vendredi 18 mars 2016 \u00e0 20h30 au Centre Culturel de Villeurbanne, 234 cours \u00c9mile Zola (m\u00e9tro Flachet) \u00e0 l\u2019invitation de la chorale les Inchoeurigibles.<\/p>\n<p>La chorale <a href=\"http:\/\/www.choeursdevilleurbanne.fr\" target=\"_blank\" rel=\"noopener noreferrer\">Vox Urbana<\/a> a \u00e9t\u00e9 \u00e9galement invit\u00e9e \u00e0 cette manifestation.<\/p>\n<p><a href=\"http:\/\/lacantamule.fr\/wp-content\/uploads\/2016\/03\/Programme_retina.jpeg\" target=\"_blank\" rel=\"attachment wp-att-877 noopener noreferrer\">Le programme Retina<\/a><\/p>\n<p>&nbsp;<\/p>\n<h2>Spectacle au profit de l&rsquo;association <a href=\"http:\/\/www.pse.ong\" target=\"_blank\" rel=\"noopener noreferrer\">Pour un sourire d&rsquo;enfant<\/a><\/h2>\n<p style=\"padding-left: 30px;\"><img loading=\"lazy\" decoding=\"async\" class=\"alignleft wp-image-396 size-medium\" src=\"http:\/\/lacantamule.fr\/wp-content\/uploads\/2015\/11\/samedi-14-novembre-2015-212x300.jpg\" alt=\"concert pour un sourire d'enfant\" width=\"212\" height=\"300\" srcset=\"https:\/\/lacantamule.fr\/wp-content\/uploads\/2015\/11\/samedi-14-novembre-2015-212x300.jpg 212w, https:\/\/lacantamule.fr\/wp-content\/uploads\/2015\/11\/samedi-14-novembre-2015-724x1024.jpg 724w, https:\/\/lacantamule.fr\/wp-content\/uploads\/2015\/11\/samedi-14-novembre-2015.jpg 826w\" sizes=\"auto, (max-width: 212px) 100vw, 212px\" \/>Ce concert a eu lieu \u00e0 la Mulati\u00e8re au Tabagnon 102 chemin des Chassagnes le samedi 14 novembre 2015.<br \/>\nIl a \u00e9t\u00e9 l&rsquo;occasion d&rsquo;une rencontre avec la chorale Luth en joie de Saint Trivier sur Moignan.<\/p>\n<p><a href=\"http:\/\/lacantamule.fr\/wp-content\/uploads\/2015\/11\/Programme_du_14-11-15.pdf\">Le programme de PSE<\/a><\/p>\n<h2>Spectacle \u00e0 St Just\/St Rambert (Loire)<\/h2>\n<p style=\"padding-left: 30px;\"><img loading=\"lazy\" decoding=\"async\" class=\"alignleft wp-image-614 size-medium\" src=\"http:\/\/lacantamule.fr\/wp-content\/uploads\/2016\/02\/illustration-2-choeurs-en-concert_1-212x300.jpg\" alt=\"concert st just st rambert\" width=\"212\" height=\"300\" srcset=\"https:\/\/lacantamule.fr\/wp-content\/uploads\/2016\/02\/illustration-2-choeurs-en-concert_1-212x300.jpg 212w, https:\/\/lacantamule.fr\/wp-content\/uploads\/2016\/02\/illustration-2-choeurs-en-concert_1.jpg 300w\" sizes=\"auto, (max-width: 212px) 100vw, 212px\" \/>La Cantamule a \u00e9t\u00e9 accueillie par la chorale de <a href=\"http:\/\/www.choraledesaintjustsaintrambert.com\/\" target=\"_blank\" rel=\"noopener noreferrer\">St Just St Rambert<\/a> le 14 mars 2015. La chorale avait organis\u00e9 pour ses h\u00f4tes une visite de leur charmante bourgade et du mus\u00e9e des civilisations. Ce fut l&rsquo;occasion pour la Cantamule de chanter un Ti\u00e9bi\u00e9 poi\u00e8m dans l&rsquo;\u00e9glise de St Rambert, la plus grande \u00e9glise romane du d\u00e9partement de la Loire. Le concert s&rsquo;est d\u00e9roul\u00e9 dans l&rsquo;\u00e9glise de St Just pleine \u00e0 craquer.<\/p>\n<p style=\"padding-left: 30px;\"><a href=\"http:\/\/lacantamule.fr\/wp-content\/uploads\/2016\/04\/Programme.jpeg\" target=\"_blank\" rel=\"noopener noreferrer\">Programme de st Just\/st Rambert<\/a><\/p>\n<h2 style=\"padding-left: 30px;\">Spectacle \u00e0 Neuville sur Saone<\/h2>\n<p style=\"padding-left: 30px;\"><img loading=\"lazy\" decoding=\"async\" class=\"alignleft wp-image-949 size-medium\" src=\"http:\/\/lacantamule.fr\/wp-content\/uploads\/2015\/07\/Programme_neuville-270x300.jpeg\" alt=\"concert neuville sur saone\" width=\"270\" height=\"300\" srcset=\"https:\/\/lacantamule.fr\/wp-content\/uploads\/2015\/07\/Programme_neuville-270x300.jpeg 270w, https:\/\/lacantamule.fr\/wp-content\/uploads\/2015\/07\/Programme_neuville-923x1024.jpeg 923w, https:\/\/lacantamule.fr\/wp-content\/uploads\/2015\/07\/Programme_neuville.jpeg 1744w\" sizes=\"auto, (max-width: 270px) 100vw, 270px\" \/>La Cantamule a particip\u00e9 au festival Ch\u0153urs de Saone le 17 mai 2014. L&rsquo;espace Jean Vilar est une grande salle, et une foule nombreuse a rempli la salle. Les chorales <a href=\"http:\/\/chantelude.free.fr\/\">Chantelude <\/a>de Reyrieux, la Cantamule de la Mulati\u00e8re, <a href=\"http:\/\/choeuracoeur.e-monsite.com\/\">Ch\u0153ur \u00e0 c\u0153ur<\/a> de Miribel, et la <a href=\"http:\/\/www.ritournelleneuville.com\/\">Ritournelle<\/a> de Neuville sur saone ont particip\u00e9 au succ\u00e8s de cette soir\u00e9e.<\/p>\n<p style=\"padding-left: 30px;\"><img loading=\"lazy\" decoding=\"async\" class=\"alignright wp-image-1408 size-medium\" src=\"http:\/\/lacantamule.fr\/wp-content\/uploads\/2015\/07\/2014_05_17_4672_ChoeursdeSaoneNeuville-1-300x225.jpg\" alt=\"Les chants commun des quatre chorales\" width=\"300\" height=\"225\" srcset=\"https:\/\/lacantamule.fr\/wp-content\/uploads\/2015\/07\/2014_05_17_4672_ChoeursdeSaoneNeuville-1-300x225.jpg 300w, https:\/\/lacantamule.fr\/wp-content\/uploads\/2015\/07\/2014_05_17_4672_ChoeursdeSaoneNeuville-1.jpg 500w\" sizes=\"auto, (max-width: 300px) 100vw, 300px\" \/><\/p>\n<p><!-- phpmyvisites --><\/p>\n<div class=\"invisible\"><script type=\"text\/javascript\">\/\/ <![CDATA[ var a_vars = Array(); var pagename='Concerts'; var phpmyvisitesSite = 281216; var phpmyvisitesURL = \"http:\/\/st.free.fr\/phpmyvisites.php\"; \/\/ ]]><\/script><br \/>\n<script src=\"http:\/\/st.free.fr\/phpmyvisites.js\" type=\"text\/javascript\"><\/script><\/div>\n<p><!-- \/phpmyvisites --><\/p>\n","protected":false},"excerpt":{"rendered":"<p>La Cantamule en concert. La Cantamule participe plusieurs fois par an \u00e0 des concerts. Ils sont donn\u00e9s avec en g\u00e9n\u00e9ral une voire deux autres chorales, ce qui permet d&rsquo;offrir au public un spectacle vari\u00e9. Pour son cinquanti\u00e8me anniversaire, La Cantamule organise un grand concert le 3 Juin 2023. Moment musicale du 30 avril 2022 Le &hellip; <a href=\"https:\/\/lacantamule.fr\/index.php\/concert\/\" class=\"more-link\">Continuer la lecture de <span class=\"screen-reader-text\">Concerts<\/span>  <span class=\"meta-nav\">&rarr;<\/span><\/a><\/p>\n","protected":false},"author":1,"featured_media":0,"parent":0,"menu_order":0,"comment_status":"closed","ping_status":"open","template":"page-templates\/full-width.php","meta":{"arc_restricted_post":false,"iawp_total_views":121,"footnotes":""},"class_list":["post-35","page","type-page","status-publish","hentry"],"_links":{"self":[{"href":"https:\/\/lacantamule.fr\/index.php\/wp-json\/wp\/v2\/pages\/35","targetHints":{"allow":["GET"]}}],"collection":[{"href":"https:\/\/lacantamule.fr\/index.php\/wp-json\/wp\/v2\/pages"}],"about":[{"href":"https:\/\/lacantamule.fr\/index.php\/wp-json\/wp\/v2\/types\/page"}],"author":[{"embeddable":true,"href":"https:\/\/lacantamule.fr\/index.php\/wp-json\/wp\/v2\/users\/1"}],"replies":[{"embeddable":true,"href":"https:\/\/lacantamule.fr\/index.php\/wp-json\/wp\/v2\/comments?post=35"}],"version-history":[{"count":0,"href":"https:\/\/lacantamule.fr\/index.php\/wp-json\/wp\/v2\/pages\/35\/revisions"}],"wp:attachment":[{"href":"https:\/\/lacantamule.fr\/index.php\/wp-json\/wp\/v2\/media?parent=35"}],"curies":[{"name":"wp","href":"https:\/\/api.w.org\/{rel}","templated":true}]}}