{"id":785,"date":"2016-03-09T10:34:34","date_gmt":"2016-03-09T09:34:34","guid":{"rendered":"http:\/\/lacantamule.fr\/?page_id=785"},"modified":"2016-04-05T12:21:37","modified_gmt":"2016-04-05T11:21:37","slug":"avertissement","status":"publish","type":"page","link":"https:\/\/lacantamule.fr\/index.php\/avertissement\/","title":{"rendered":"Avertissement"},"content":{"rendered":"<h5>L&rsquo;acc\u00e8s \u00e0 l&rsquo;espace choriste est r\u00e9serv\u00e9 aux choristes de la Cantamule.<\/h5>\n<p>Comme il est indiqu\u00e9 dans la page d\u2019accueil du site, la Cantamule recrute. Nous serons heureux de vous compter parmi nos choristes.<\/p>\n<p>Les choristes de la Cantamule utilisent l&rsquo;identifiant qui leur a \u00e9t\u00e9 communiqu\u00e9 par mail.<\/p>\n<p><!-- phpmyvisites --><\/p>\n<div class=\"invisible\"><script type=\"text\/javascript\">\/\/ <![CDATA[\nvar a_vars = Array(); var pagename='Avertissement'; var phpmyvisitesSite = 281216; var phpmyvisitesURL = \"http:\/\/st.free.fr\/phpmyvisites.php\";\n\/\/ ]]><\/script><br \/>\n<script src=\"http:\/\/st.free.fr\/phpmyvisites.js\" type=\"text\/javascript\"><\/script><\/div>\n<p><!-- \/phpmyvisites --><\/p>\n","protected":false},"excerpt":{"rendered":"<p>L&rsquo;acc\u00e8s \u00e0 l&rsquo;espace choriste est r\u00e9serv\u00e9 aux choristes de la Cantamule. Comme il est indiqu\u00e9 dans la page d\u2019accueil du site, la Cantamule recrute. Nous serons heureux de vous compter parmi nos choristes. Les choristes de la Cantamule utilisent l&rsquo;identifiant qui leur a \u00e9t\u00e9 communiqu\u00e9 par mail.<\/p>\n","protected":false},"author":1,"featured_media":0,"parent":0,"menu_order":0,"comment_status":"closed","ping_status":"closed","template":"","meta":{"arc_restricted_post":false,"iawp_total_views":726,"footnotes":""},"class_list":["post-785","page","type-page","status-publish","hentry"],"_links":{"self":[{"href":"https:\/\/lacantamule.fr\/index.php\/wp-json\/wp\/v2\/pages\/785","targetHints":{"allow":["GET"]}}],"collection":[{"href":"https:\/\/lacantamule.fr\/index.php\/wp-json\/wp\/v2\/pages"}],"about":[{"href":"https:\/\/lacantamule.fr\/index.php\/wp-json\/wp\/v2\/types\/page"}],"author":[{"embeddable":true,"href":"https:\/\/lacantamule.fr\/index.php\/wp-json\/wp\/v2\/users\/1"}],"replies":[{"embeddable":true,"href":"https:\/\/lacantamule.fr\/index.php\/wp-json\/wp\/v2\/comments?post=785"}],"version-history":[{"count":0,"href":"https:\/\/lacantamule.fr\/index.php\/wp-json\/wp\/v2\/pages\/785\/revisions"}],"wp:attachment":[{"href":"https:\/\/lacantamule.fr\/index.php\/wp-json\/wp\/v2\/media?parent=785"}],"curies":[{"name":"wp","href":"https:\/\/api.w.org\/{rel}","templated":true}]}}