{"id":83,"date":"2015-07-27T18:02:17","date_gmt":"2015-07-27T17:02:17","guid":{"rendered":"https:\/\/lacantamule.fr\/?page_id=83"},"modified":"2016-08-14T07:32:28","modified_gmt":"2016-08-14T06:32:28","slug":"les-quarante-ans-de-la-chorale","status":"publish","type":"page","link":"https:\/\/lacantamule.fr\/index.php\/les-quarante-ans-de-la-chorale\/","title":{"rendered":"Les Quarante ans de la chorale"},"content":{"rendered":"<p><code><\/code>L&rsquo;ann\u00e9e 2013, ann\u00e9e des Quarante ans de la chorale, a donn\u00e9 lieu \u00e0 un certain nombre de manifestations.<\/p>\n<h2>F\u00eate des Quarante ans.<\/h2>\n<p>Cette f\u00eate a permis \u00e0 la chorale de f\u00eater sa long\u00e9vit\u00e9 et de se retourner sur son pass\u00e9\u00a0 dans la joie et la bonne humeur. De nombreuses animations avaient \u00e9t\u00e9 pr\u00e9par\u00e9es par les choristes, on peut citer par exemple:<\/p>\n<ul>\n<li>Une revue des tenues de concert depuis 1973 \u00e0 nos jours.<\/li>\n<li>Une belle prestation de nos chefs de ch\u0153ur.<\/li>\n<li>Une \u00e9vocation par d\u00e9cennie de la vie de la chorale avec sketches et chants d&rsquo;\u00e9poque.<\/li>\n<li>Et bien sur on a chant\u00e9 de nos plus beaux chants.<\/li>\n<\/ul>\n<figure id=\"attachment_515\" aria-describedby=\"caption-attachment-515\" style=\"width: 2000px\" class=\"wp-caption aligncenter\"><a href=\"http:\/\/lacantamule.fr\/wp-content\/uploads\/2015\/12\/40-ans-Cantamule-9-2-2013-MM-tenus-1.jpg\" rel=\"attachment wp-att-515\"><img loading=\"lazy\" decoding=\"async\" class=\"wp-image-515 size-full\" src=\"http:\/\/lacantamule.fr\/wp-content\/uploads\/2015\/12\/40-ans-Cantamule-9-2-2013-MM-tenus-1.jpg\" alt=\"L'\u00e9volution des tenus de 1973 \u00e0 2013\" width=\"2000\" height=\"689\" srcset=\"https:\/\/lacantamule.fr\/wp-content\/uploads\/2015\/12\/40-ans-Cantamule-9-2-2013-MM-tenus-1.jpg 2000w, https:\/\/lacantamule.fr\/wp-content\/uploads\/2015\/12\/40-ans-Cantamule-9-2-2013-MM-tenus-1-300x103.jpg 300w, https:\/\/lacantamule.fr\/wp-content\/uploads\/2015\/12\/40-ans-Cantamule-9-2-2013-MM-tenus-1-768x265.jpg 768w, https:\/\/lacantamule.fr\/wp-content\/uploads\/2015\/12\/40-ans-Cantamule-9-2-2013-MM-tenus-1-1024x353.jpg 1024w\" sizes=\"auto, (max-width: 2000px) 100vw, 2000px\" \/><\/a><figcaption id=\"caption-attachment-515\" class=\"wp-caption-text\">L&rsquo;\u00e9volution des tenues de 1973 \u00e0 2013<\/figcaption><\/figure>\n<figure id=\"attachment_520\" aria-describedby=\"caption-attachment-520\" style=\"width: 225px\" class=\"wp-caption alignleft\"><a href=\"http:\/\/lacantamule.fr\/index.php\/les-quarante-ans-de-la-chorale\/40-ans-cantamule-9-2-2013-mm-14_1\/\" rel=\"attachment wp-att-520\"><img loading=\"lazy\" decoding=\"async\" class=\"wp-image-520 size-medium\" src=\"http:\/\/lacantamule.fr\/wp-content\/uploads\/2015\/12\/40-ans-Cantamule-9-2-2013-MM-14_1-225x300.jpg\" alt=\"40 ans Cantamule 9-2-2013 MM (14)_1\" width=\"225\" height=\"300\" srcset=\"https:\/\/lacantamule.fr\/wp-content\/uploads\/2015\/12\/40-ans-Cantamule-9-2-2013-MM-14_1-225x300.jpg 225w, https:\/\/lacantamule.fr\/wp-content\/uploads\/2015\/12\/40-ans-Cantamule-9-2-2013-MM-14_1-768x1024.jpg 768w, https:\/\/lacantamule.fr\/wp-content\/uploads\/2015\/12\/40-ans-Cantamule-9-2-2013-MM-14_1.jpg 1880w\" sizes=\"auto, (max-width: 225px) 100vw, 225px\" \/><\/a><figcaption id=\"caption-attachment-520\" class=\"wp-caption-text\">Jacques le fondateur de la chorale<\/figcaption><\/figure>\n<figure id=\"attachment_518\" aria-describedby=\"caption-attachment-518\" style=\"width: 474px\" class=\"wp-caption alignright\"><a href=\"http:\/\/lacantamule.fr\/index.php\/les-quarante-ans-de-la-chorale\/40-ans-cantamule-9-2-2013-mm-18_1\/\" rel=\"attachment wp-att-518\"><img loading=\"lazy\" decoding=\"async\" class=\"wp-image-518 size-large\" src=\"http:\/\/lacantamule.fr\/wp-content\/uploads\/2015\/12\/40-ans-Cantamule-9-2-2013-MM-18_1-1024x768.jpg\" alt=\"40 ans Cantamule 9-2-2013 MM (18)_1\" width=\"474\" height=\"356\" srcset=\"https:\/\/lacantamule.fr\/wp-content\/uploads\/2015\/12\/40-ans-Cantamule-9-2-2013-MM-18_1-1024x768.jpg 1024w, https:\/\/lacantamule.fr\/wp-content\/uploads\/2015\/12\/40-ans-Cantamule-9-2-2013-MM-18_1-300x225.jpg 300w, https:\/\/lacantamule.fr\/wp-content\/uploads\/2015\/12\/40-ans-Cantamule-9-2-2013-MM-18_1-768x576.jpg 768w\" sizes=\"auto, (max-width: 474px) 100vw, 474px\" \/><\/a><figcaption id=\"caption-attachment-518\" class=\"wp-caption-text\">Les chefs de c\u0153ur montrent qu&rsquo;elles savent aussi chanter<\/figcaption><\/figure>\n<p>&nbsp;<\/p>\n<h2>Concert avec les chorales Chante Fontaine et Chant d\u2019\u00c9ole.<\/h2>\n<p>Ce concert s&rsquo;est d\u00e9roul\u00e9 dans l&rsquo;\u00e9glise de la Mulati\u00e8re comble. Il a permis aussi un grand moment de convivialit\u00e9 entre les choristes des trois chorales.<\/p>\n<figure id=\"attachment_1336\" aria-describedby=\"caption-attachment-1336\" style=\"width: 474px\" class=\"wp-caption aligncenter\"><a href=\"http:\/\/lacantamule.fr\/index.php\/les-quarante-ans-de-la-chorale\/chorale-40-ans-14-avril-2013-055-1\/\" rel=\"attachment wp-att-1336\"><img loading=\"lazy\" decoding=\"async\" class=\"wp-image-1336 size-large\" src=\"http:\/\/lacantamule.fr\/wp-content\/uploads\/2015\/07\/chorale-40-ans-14-avril-2013-055-1-1024x768.jpg\" alt=\"Concert avec les chorales Chante Fontaine et Chant d\u2019\u00c9ole\" width=\"474\" height=\"356\" srcset=\"https:\/\/lacantamule.fr\/wp-content\/uploads\/2015\/07\/chorale-40-ans-14-avril-2013-055-1.jpg 1024w, https:\/\/lacantamule.fr\/wp-content\/uploads\/2015\/07\/chorale-40-ans-14-avril-2013-055-1-300x225.jpg 300w\" sizes=\"auto, (max-width: 474px) 100vw, 474px\" \/><\/a><figcaption id=\"caption-attachment-1336\" class=\"wp-caption-text\">Concert avec les chorales Chante Fontaine et Chant d\u2019\u00c9ole<\/figcaption><\/figure>\n<figure id=\"attachment_1357\" aria-describedby=\"caption-attachment-1357\" style=\"width: 1740px\" class=\"wp-caption aligncenter\"><a href=\"http:\/\/lacantamule.fr\/index.php\/les-quarante-ans-de-la-chorale\/concert-des-40ans-0000\/\" rel=\"attachment wp-att-1357\"><img loading=\"lazy\" decoding=\"async\" class=\"wp-image-1357 size-full\" src=\"http:\/\/lacantamule.fr\/wp-content\/uploads\/2015\/07\/concert-des-40ans-0000.jpeg\" alt=\"concert des 40ans\" width=\"1740\" height=\"1200\" srcset=\"https:\/\/lacantamule.fr\/wp-content\/uploads\/2015\/07\/concert-des-40ans-0000.jpeg 1740w, https:\/\/lacantamule.fr\/wp-content\/uploads\/2015\/07\/concert-des-40ans-0000-300x207.jpeg 300w, https:\/\/lacantamule.fr\/wp-content\/uploads\/2015\/07\/concert-des-40ans-0000-1024x706.jpeg 1024w\" sizes=\"auto, (max-width: 1740px) 100vw, 1740px\" \/><\/a><figcaption id=\"caption-attachment-1357\" class=\"wp-caption-text\">Programme du concert avec Chant d\u2019\u00c9ole et Chante fontaine<\/figcaption><\/figure>\n<h2>Le concert des 40 ans<\/h2>\n<p>Cela a \u00e9t\u00e9 un grand moment pour la chorale. Six mois de pr\u00e9paration ont \u00e9t\u00e9 n\u00e9cessaires pour peaufiner ce concert avec la pianiste japonaise <a href=\"http:\/\/duobichromie.com\/jahye-euh.html\" target=\"_blank\">Jahye Euh<\/a>. Ce concert a \u00e9t\u00e9 d\u00e9compos\u00e9 en plusieurs parties.<\/p>\n<ul>\n<li>Une premi\u00e8re partie avec la chorale au grand complet.<\/li>\n<li>une seconde partie avec un solo de Jahye Euh et des chants interpr\u00e9t\u00e9s par nos chef de c\u0153urs et par Jean Marc notre t\u00e9nor en chef.<\/li>\n<li>La derni\u00e8re partie par la chorale au grand complet.<\/li>\n<\/ul>\n<figure id=\"attachment_1339\" aria-describedby=\"caption-attachment-1339\" style=\"width: 300px\" class=\"wp-caption alignleft\"><a href=\"http:\/\/lacantamule.fr\/index.php\/les-quarante-ans-de-la-chorale\/jahye-euh\/\" rel=\"attachment wp-att-1339\"><img loading=\"lazy\" decoding=\"async\" class=\"wp-image-1339 size-medium\" src=\"http:\/\/lacantamule.fr\/wp-content\/uploads\/2016\/06\/Jahye-Euh-300x217.jpg\" alt=\"Jahye Euh\" width=\"300\" height=\"217\" srcset=\"https:\/\/lacantamule.fr\/wp-content\/uploads\/2016\/06\/Jahye-Euh-300x217.jpg 300w, https:\/\/lacantamule.fr\/wp-content\/uploads\/2016\/06\/Jahye-Euh.jpg 783w\" sizes=\"auto, (max-width: 300px) 100vw, 300px\" \/><\/a><figcaption id=\"caption-attachment-1339\" class=\"wp-caption-text\">La pianiste Jahye Euh<\/figcaption><\/figure>\n<figure id=\"attachment_1340\" aria-describedby=\"caption-attachment-1340\" style=\"width: 474px\" class=\"wp-caption alignright\"><a href=\"http:\/\/lacantamule.fr\/index.php\/les-quarante-ans-de-la-chorale\/quarantes\/\" rel=\"attachment wp-att-1340\"><img loading=\"lazy\" decoding=\"async\" class=\"wp-image-1340 size-large\" src=\"http:\/\/lacantamule.fr\/wp-content\/uploads\/2016\/06\/quarantes-1024x478.jpg\" alt=\"Concert des quarante ans\" width=\"474\" height=\"221\" srcset=\"https:\/\/lacantamule.fr\/wp-content\/uploads\/2016\/06\/quarantes-1024x478.jpg 1024w, https:\/\/lacantamule.fr\/wp-content\/uploads\/2016\/06\/quarantes-300x140.jpg 300w, https:\/\/lacantamule.fr\/wp-content\/uploads\/2016\/06\/quarantes.jpg 1047w\" sizes=\"auto, (max-width: 474px) 100vw, 474px\" \/><\/a><figcaption id=\"caption-attachment-1340\" class=\"wp-caption-text\">Concert des quarante ans<\/figcaption><\/figure>\n<p>&nbsp;<\/p>\n<h6>Programme du concert des quarante ans<\/h6>\n<ul>\n<li><strong>En sortant de l\u2019\u00e9cole<\/strong> : Parole et musique de Jacques PREVERT. Arrangement de Christophe ROGER.<\/li>\n<li><strong>La Marie Joseph<\/strong> : Parole et musique de St\u00e9phane GOLMANN, Harmonisation Jean GAUFFRIAU<\/li>\n<li><strong>L\u2019aventure<\/strong> : Parole et musique de Jacques BREL. Arrangement pour piano et choeur de Janusz DABROWSKI.<\/li>\n<li><strong>JUBILEMUS EXULTEMUS<\/strong> :<\/li>\n<li><strong>DUE PUPILLE AMABILI<\/strong> :<\/li>\n<li><strong>SE LONTAN BEN MIO TU SEI<\/strong> :<\/li>\n<li><strong>ECCO QUEL FIERO INSTANTE<\/strong> :<\/li>\n<li><strong>DANZA LANTA<\/strong> :<\/li>\n<li><strong>BIST DU BEI MIR<\/strong> :<\/li>\n<li><strong>LA SPERANZA<\/strong>:<\/li>\n<li><strong>LA FEDE<\/strong> :<\/li>\n<li><strong>MI LAGNERO TACENDO<\/strong> :<\/li>\n<li><strong>PIU NON SI TROVANO<\/strong> :<\/li>\n<li><strong>LUCI CARE LUCI BELLE<\/strong> :<\/li>\n<li><strong>Corus of Hebrew Slaves<\/strong> : Giuseppe VERDI<\/li>\n<li><strong>CHANSON POUR LES ENFANTS L\u2019HIVER<\/strong> :<\/li>\n<li><strong>TOURNENT LES JOURS<\/strong> :<\/li>\n<li><strong>IL CIELI IMMENSE NARRANO<\/strong> : Premier ch\u0153ur du PSAUME 18 de Benedetto MARCELLO.<\/li>\n<li><strong>BON ANNIVERSAIRE EN ROUMAIN<\/strong> :<\/li>\n<li><strong>Chanter<\/strong> :<\/li>\n<\/ul>\n<h6><a href=\"http:\/\/lacantamule.fr\/?page_id=320\">Concert des 40 ans<\/a><\/h6>\n<p><img decoding=\"async\" src=\"http:\/\/st.free.fr\/phpmyvisites.php?url=\/\/lacantamule.fr\/%3Fpage_id%3D320&amp;pagename=Concert%2040ans&amp;id=281216&amp;res=1280x1024&amp;col=24&amp;h=16&amp;m=33&amp;s=59&amp;flash=1&amp;director=0&amp;quicktime=0&amp;realplayer=0&amp;pdf=0&amp;windowsmedia=0&amp;java=0&amp;cookie=1&amp;ref=http%3A\/\/lacantamule.fr\/%3Fpage_id%3D83\" alt=\"phpMyVisites\" \/><br \/>\n<!-- phpmyvisites --><\/p>\n<div class=\"invisible\"><script type=\"text\/javascript\">\/\/ <![CDATA[\nvar a_vars = Array(); var pagename='Quarante ans de la chorale'; var phpmyvisitesSite = 281216; var phpmyvisitesURL = \"http:\/\/st.free.fr\/phpmyvisites.php\";\n\/\/ ]]><\/script><br \/>\n<script src=\"http:\/\/st.free.fr\/phpmyvisites.js\" type=\"text\/javascript\"><\/script><\/div>\n<p><!-- \/phpmyvisites --><\/p>\n","protected":false},"excerpt":{"rendered":"<p>L&rsquo;ann\u00e9e 2013, ann\u00e9e des Quarante ans de la chorale, a donn\u00e9 lieu \u00e0 un certain nombre de manifestations. F\u00eate des Quarante ans. Cette f\u00eate a permis \u00e0 la chorale de f\u00eater sa long\u00e9vit\u00e9 et de se retourner sur son pass\u00e9\u00a0 dans la joie et la bonne humeur. De nombreuses animations avaient \u00e9t\u00e9 pr\u00e9par\u00e9es par les &hellip; <a href=\"https:\/\/lacantamule.fr\/index.php\/les-quarante-ans-de-la-chorale\/\" class=\"more-link\">Continuer la lecture de <span class=\"screen-reader-text\">Les Quarante ans de la chorale<\/span>  <span class=\"meta-nav\">&rarr;<\/span><\/a><\/p>\n","protected":false},"author":1,"featured_media":0,"parent":0,"menu_order":0,"comment_status":"closed","ping_status":"open","template":"page-templates\/full-width.php","meta":{"arc_restricted_post":false,"iawp_total_views":59,"footnotes":""},"class_list":["post-83","page","type-page","status-publish","hentry"],"_links":{"self":[{"href":"https:\/\/lacantamule.fr\/index.php\/wp-json\/wp\/v2\/pages\/83","targetHints":{"allow":["GET"]}}],"collection":[{"href":"https:\/\/lacantamule.fr\/index.php\/wp-json\/wp\/v2\/pages"}],"about":[{"href":"https:\/\/lacantamule.fr\/index.php\/wp-json\/wp\/v2\/types\/page"}],"author":[{"embeddable":true,"href":"https:\/\/lacantamule.fr\/index.php\/wp-json\/wp\/v2\/users\/1"}],"replies":[{"embeddable":true,"href":"https:\/\/lacantamule.fr\/index.php\/wp-json\/wp\/v2\/comments?post=83"}],"version-history":[{"count":0,"href":"https:\/\/lacantamule.fr\/index.php\/wp-json\/wp\/v2\/pages\/83\/revisions"}],"wp:attachment":[{"href":"https:\/\/lacantamule.fr\/index.php\/wp-json\/wp\/v2\/media?parent=83"}],"curies":[{"name":"wp","href":"https:\/\/api.w.org\/{rel}","templated":true}]}}